{"id":485,"date":"2021-07-29T13:38:42","date_gmt":"2021-07-29T13:38:42","guid":{"rendered":"https:\/\/tppw-witnica.lopatka.info\/?page_id=485"},"modified":"2021-07-29T15:05:13","modified_gmt":"2021-07-29T15:05:13","slug":"sp-florentyna-wilewska","status":"publish","type":"page","link":"https:\/\/tppw-witnica.pl\/index.php\/sp-florentyna-wilewska\/","title":{"rendered":"\u015bp. Florentyna Wilewska"},"content":{"rendered":"<p style=\"text-align: justify;\">Florentyna Stefania Matylda Wilewska z d. Cwojdzi\u0144ska urodzi\u0142a si\u0119 09 kwietnia 1899 roku w miejscowo\u015bci B\u0142ociszewo &#8211; wie\u015b w Polsce, po\u0142o\u017cona w wojew\u00f3dztwie wielkopolskim, w powiecie \u015bremskim, w gminie \u015arem.<br \/>\nakt urodzenia nr 167 https:\/\/www.szukajwarchiwach.gov.pl\/en\/jednostka\/-\/jednostka\/1414055?<\/p>\n<p><img decoding=\"async\" class=\" wp-image-499 aligncenter\" src=\"https:\/\/tppw-witnica.lopatka.info\/wp-content\/uploads\/2021\/07\/akt-urodzenia-Florentyny-188x300.jpg\" alt=\"\" width=\"227\" height=\"362\" \/><\/p>\n<p>C\u00f3rka\u00a0Ignacego i Rozalii Kordu\u0142y z dom. Therling &#8211; para pobra\u0142a si\u0119: Parafia katolicka Ko\u0142aczkowice, wpis 4a \/ 1896<\/p>\n<div class=\"_2cuy _3dgx _2vxa\">Ignatius \u0106wojdzi\u0144ski (23 lat) ojciec: Laurentius , matka: Mathildis Dulinow<\/div>\n<div class=\"_2cuy _3dgx _2vxa\">Cordula Thierling (22 lat) ojciec: Adolphus , matka: Rosalia Genga<\/div>\n<div><\/div>\n<div class=\"_2cuy _3dgx _2vxa\">Urz\u0105d Stanu Cywilnego Miejska G\u00f3rka, wpis 52 \/ 1896<\/div>\n<div class=\"_2cuy _3dgx _2vxa\">Ignatz Cwojdzinski (ur. 1873) ojciec: Lorenz Cwojdzinski , matka: Mathilde Dudlin<\/div>\n<div class=\"_2cuy _3dgx _2vxa\">Rosalie Cordula Thierling (ur. 1870) ojciec: Adolf Thierling , matka: Rosalie Genge<\/div>\n<div><\/div>\n<div>Wysz\u0142a za m\u0105\u017c za Zdzis\u0142awa Wilewskiego.<\/div>\n<div><\/div>\n<div style=\"text-align: justify;\">W Powstaniu Wielkopolskim brali udzia\u0142 tak\u017ce jej bracia: Jan Marian Cwojdzi\u0144ski, Maksymilian Cwojdzi\u0144ski, ich ojciec Ignacy Cwojdzi\u0144ski i brat ojca Antoni Cwojdzi\u0144ski. Z przekazu ustnego wynika, i\u017c w czasie Powstania by\u0142a sanitariuszk\u0105. Natomiast nie natrafiono na tego typu informacj\u0119 w dokumentach. Po II wojnie \u015bwiatowej Florentyna wraz z m\u0119\u017cem i dzie\u0107mi (Antoni Andrzej Wilewski, Leszek Wilewski, Wojciech Wilewski) przenie\u015bli si\u0119 na ziemie zachodnie do D\u0119bna Lubuskiego (powiat My\u015bliborski, woj. zachodniopomorskie). Poniewa\u017c Zdzis\u0142aw Wilewski pracowa\u0142 w Nadle\u015bnictwie wi\u0119c rodzina kilkukrotnie zmienia\u0142a miejsce zamieszkania. Ostatnim miejscem pobytu Florentyny by\u0142y Lemierzyce (gmina S\u0142o\u0144sk, powiat sul\u0119ci\u0144ski, woj. lubuskie) gdzie zmar\u0142a. Zdzis\u0142awa zabra\u0142 w\u00f3wczas do siebie jego syn Antoni Andrzej Wilewski do Witnicy (powiat gorzowski, woj. lubuskie) gdzie do\u017cy\u0142 87 lat.<\/div>\n<p style=\"text-align: justify;\">Florentyna Wilewska zmar\u0142a 03 maja 1974 roku, spoczywa na cmentarzu w miejscowo\u015bci Witnica, woj. lubuskie, to tak\u017ce miejsce poch\u00f3wku ma\u0142\u017conka &#8211; Zdzis\u0142awa Wilewskiego 23.03.1897 &#8211; 17.07.1984, rodzice Jan Wilewski, Nepomucena Popio\u0142kiewicz.<\/p>\n<p><img decoding=\"async\" class=\" wp-image-500 aligncenter\" src=\"https:\/\/tppw-witnica.lopatka.info\/wp-content\/uploads\/2021\/07\/Florentyna-Wilewska-zd.-Cwojdzi\u0144ska-nagrobek-300x135.jpg\" alt=\"\" width=\"360\" height=\"162\" \/><\/p>\n<p style=\"text-align: justify;\">Florentyna wyst\u0119puje w aktach zweryfikowanych Powsta\u0144c\u00f3w Wielkopolskich: uwagi: I.487.7102<br \/>\n\u017ar\u00f3d\u0142a: Wojskowe Biuro Historyczne (daw. CAW), Wykaz akt powsta\u0144c\u00f3w wielkopolskich (maszyn.)<\/p>\n","protected":false},"excerpt":{"rendered":"<p>Florentyna Stefania Matylda Wilewska z d. Cwojdzi\u0144ska urodzi\u0142a si\u0119 09 kwietnia 1899 roku w miejscowo\u015bci B\u0142ociszewo &#8211; wie\u015b w Polsce,<\/p>\n","protected":false},"author":3,"featured_media":0,"parent":0,"menu_order":0,"comment_status":"closed","ping_status":"closed","template":"","meta":{"footnotes":""},"class_list":["post-485","page","type-page","status-publish","hentry","comments-off"],"_links":{"self":[{"href":"https:\/\/tppw-witnica.pl\/index.php\/wp-json\/wp\/v2\/pages\/485","targetHints":{"allow":["GET"]}}],"collection":[{"href":"https:\/\/tppw-witnica.pl\/index.php\/wp-json\/wp\/v2\/pages"}],"about":[{"href":"https:\/\/tppw-witnica.pl\/index.php\/wp-json\/wp\/v2\/types\/page"}],"author":[{"embeddable":true,"href":"https:\/\/tppw-witnica.pl\/index.php\/wp-json\/wp\/v2\/users\/3"}],"replies":[{"embeddable":true,"href":"https:\/\/tppw-witnica.pl\/index.php\/wp-json\/wp\/v2\/comments?post=485"}],"version-history":[{"count":5,"href":"https:\/\/tppw-witnica.pl\/index.php\/wp-json\/wp\/v2\/pages\/485\/revisions"}],"predecessor-version":[{"id":506,"href":"https:\/\/tppw-witnica.pl\/index.php\/wp-json\/wp\/v2\/pages\/485\/revisions\/506"}],"wp:attachment":[{"href":"https:\/\/tppw-witnica.pl\/index.php\/wp-json\/wp\/v2\/media?parent=485"}],"curies":[{"name":"wp","href":"https:\/\/api.w.org\/{rel}","templated":true}]}}