{"id":475,"date":"2021-05-31T14:34:59","date_gmt":"2021-05-31T14:34:59","guid":{"rendered":"https:\/\/tppw-witnica.lopatka.info\/?page_id=475"},"modified":"2021-05-31T20:31:54","modified_gmt":"2021-05-31T20:31:54","slug":"deklaracja-czlonkowska","status":"publish","type":"page","link":"https:\/\/tppw-witnica.pl\/index.php\/deklaracja-czlonkowska\/","title":{"rendered":"Deklaracja cz\u0142onkowska"},"content":{"rendered":"<p style=\"text-align: justify;\">Je\u015bli masz w\u015br\u00f3d swych przodk\u00f3w Powsta\u0144ca Wielkopolskiego lub jest Ci bliska tematyka i obszar dzia\u0142alno\u015bci naszego Stowarzyszenia zapisz si\u0119 do nas. Oferujemy przyjazn\u0105 i pe\u0142n\u0105 \u017cyczliwo\u015bci atmosfer\u0119. Na naszych spotkaniach integrujemy si\u0119 i \u0142\u0105czymy w podtrzymywaniu pami\u0119ci o Powsta\u0144cach Wielkopolskich. Aktywnie wspieramy wszelkie inicjatywy patriotyczne. W okresie rocznicy wybuchu Powstania Wielkopolskiego odwiedzamy zaprzyja\u017aniony \u017bnin gdzie uroczysto\u015bci upami\u0119tniaj\u0105ce wybuch Powstania s\u0105 obchodzone w spos\u00f3b szczeg\u00f3lny. W czasie 1-3 maja organizowany jest zawsze piknik rodziny po\u0142\u0105czony z zawodami strzeleckimi. W naszych planach mamy jeszcze wyjazd do Muzeum Powstania Wielkopolskiego do Poznania. 15 sierpnia odb\u0119dzie si\u0119 w Witnicy uroczysto\u015b\u0107 po\u015bwi\u0119cenia naszego sztandaru i ods\u0142oni\u0119cie tablicy pami\u0105tkowej. Je\u015bli masz wiedz\u0119 o tym, \u017ce kto\u015b z Twoich przodk\u00f3w bra\u0142 czynny udzia\u0142 w Powstaniu, a nie posiadasz dokument\u00f3w potwierdzaj\u0105cych ten fakt &#8211; pomo\u017cemy Ci w odszukaniu tego typu dokument\u00f3w w archiwach. Na grobie ka\u017cdego kto zostanie zidentyfikowany jako\u00a0 Powstaniec, umie\u015bcimy specjaln\u0105 tabliczk\u0119 granitow\u0105. W ten spos\u00f3b upami\u0119tniamy tych, kt\u00f3rzy ryzykowali swoim \u017cyciem walcz\u0105c o woln\u0105 i niepodleg\u0142\u0105 Polsk\u0119 w Powstaniu Wielkopolskim.<\/p>\n<p>Wype\u0142nion\u0105 i podpisan\u0105 deklaracj\u0119 mo\u017cesz dostarczy\u0107 do siedziby Stowarzyszenia w Sosnach.<\/p>\n<p>Deklaracja do pobrania poni\u017cej<\/p>\n<p><a href=\"https:\/\/tppw-witnica.lopatka.info\/wp-content\/uploads\/2021\/05\/SKAN.pdf\">Deklaracja cz\u0142onkowska<\/a><\/p>\n","protected":false},"excerpt":{"rendered":"<p>Je\u015bli masz w\u015br\u00f3d swych przodk\u00f3w Powsta\u0144ca Wielkopolskiego lub jest Ci bliska tematyka i obszar dzia\u0142alno\u015bci naszego Stowarzyszenia zapisz si\u0119 do<\/p>\n","protected":false},"author":3,"featured_media":0,"parent":0,"menu_order":0,"comment_status":"closed","ping_status":"closed","template":"","meta":{"footnotes":""},"class_list":["post-475","page","type-page","status-publish","hentry","comments-off"],"_links":{"self":[{"href":"https:\/\/tppw-witnica.pl\/index.php\/wp-json\/wp\/v2\/pages\/475","targetHints":{"allow":["GET"]}}],"collection":[{"href":"https:\/\/tppw-witnica.pl\/index.php\/wp-json\/wp\/v2\/pages"}],"about":[{"href":"https:\/\/tppw-witnica.pl\/index.php\/wp-json\/wp\/v2\/types\/page"}],"author":[{"embeddable":true,"href":"https:\/\/tppw-witnica.pl\/index.php\/wp-json\/wp\/v2\/users\/3"}],"replies":[{"embeddable":true,"href":"https:\/\/tppw-witnica.pl\/index.php\/wp-json\/wp\/v2\/comments?post=475"}],"version-history":[{"count":4,"href":"https:\/\/tppw-witnica.pl\/index.php\/wp-json\/wp\/v2\/pages\/475\/revisions"}],"predecessor-version":[{"id":483,"href":"https:\/\/tppw-witnica.pl\/index.php\/wp-json\/wp\/v2\/pages\/475\/revisions\/483"}],"wp:attachment":[{"href":"https:\/\/tppw-witnica.pl\/index.php\/wp-json\/wp\/v2\/media?parent=475"}],"curies":[{"name":"wp","href":"https:\/\/api.w.org\/{rel}","templated":true}]}}