{"id":46,"date":"2020-07-07T14:12:04","date_gmt":"2020-07-07T14:12:04","guid":{"rendered":"https:\/\/tppw-witnica.lopatka.info\/?page_id=46"},"modified":"2025-08-14T14:36:59","modified_gmt":"2025-08-14T14:36:59","slug":"kontakt","status":"publish","type":"page","link":"https:\/\/tppw-witnica.pl\/index.php\/kontakt\/","title":{"rendered":"Kontakt"},"content":{"rendered":"\r\n<div class=\"wp-block-group\">\r\n<div class=\"wp-block-group__inner-container is-layout-flow wp-block-group-is-layout-flow\">\r\n\r\n\r\n<ul class=\"wp-block-list\">\r\n \t<li>Towarzystwo Pami\u0119ci Powstania Wielkopolskiego 1918-1919 (organizacja po\u017cytku publicznego) Ko\u0142o w Witnicy 66-460 Witnica, OW Sosny, NIP: 778-13-72-549<\/li>\r\n \t<li>Prezes: Marian Pi\u0105tkowski tel. 601550984<\/li>\r\n \t<li>adres e-mail: ow.sosny@gmail.com<\/li>\r\n<\/ul>\r\n\r\n\r\n<\/div>\r\n<\/div>\r\n\r\n\r\n\r\n\r\n\r\n\r\n\r\n\r\n","protected":false},"excerpt":{"rendered":"<p>Towarzystwo Pami\u0119ci Powstania Wielkopolskiego 1918-1919 (organizacja po\u017cytku publicznego) Ko\u0142o w Witnicy 66-460 Witnica, OW Sosny, NIP: 778-13-72-549 Prezes: Marian Pi\u0105tkowski<\/p>\n","protected":false},"author":3,"featured_media":0,"parent":0,"menu_order":0,"comment_status":"closed","ping_status":"closed","template":"","meta":{"footnotes":""},"class_list":["post-46","page","type-page","status-publish","hentry","comments-off"],"_links":{"self":[{"href":"https:\/\/tppw-witnica.pl\/index.php\/wp-json\/wp\/v2\/pages\/46","targetHints":{"allow":["GET"]}}],"collection":[{"href":"https:\/\/tppw-witnica.pl\/index.php\/wp-json\/wp\/v2\/pages"}],"about":[{"href":"https:\/\/tppw-witnica.pl\/index.php\/wp-json\/wp\/v2\/types\/page"}],"author":[{"embeddable":true,"href":"https:\/\/tppw-witnica.pl\/index.php\/wp-json\/wp\/v2\/users\/3"}],"replies":[{"embeddable":true,"href":"https:\/\/tppw-witnica.pl\/index.php\/wp-json\/wp\/v2\/comments?post=46"}],"version-history":[{"count":8,"href":"https:\/\/tppw-witnica.pl\/index.php\/wp-json\/wp\/v2\/pages\/46\/revisions"}],"predecessor-version":[{"id":857,"href":"https:\/\/tppw-witnica.pl\/index.php\/wp-json\/wp\/v2\/pages\/46\/revisions\/857"}],"wp:attachment":[{"href":"https:\/\/tppw-witnica.pl\/index.php\/wp-json\/wp\/v2\/media?parent=46"}],"curies":[{"name":"wp","href":"https:\/\/api.w.org\/{rel}","templated":true}]}}