{"id":459,"date":"2021-05-24T12:02:34","date_gmt":"2021-05-24T12:02:34","guid":{"rendered":"https:\/\/tppw-witnica.lopatka.info\/?page_id=459"},"modified":"2021-05-24T16:47:24","modified_gmt":"2021-05-24T16:47:24","slug":"sp-jan-marian-cwojdzinski","status":"publish","type":"page","link":"https:\/\/tppw-witnica.pl\/index.php\/mogily-powstancow-w-lubuskim\/sp-jan-marian-cwojdzinski\/","title":{"rendered":"\u015bp. Jan Marian Cwojdzi\u0144ski"},"content":{"rendered":"<p style=\"text-align: justify;\"><strong><img decoding=\"async\" class=\"alignnone size-medium wp-image-460\" src=\"https:\/\/tppw-witnica.lopatka.info\/wp-content\/uploads\/2021\/05\/Jan-Marian-Cwojdzi\u0144ski-230x300.png\" alt=\"\" width=\"230\" height=\"300\" \/><\/strong><\/p>\n<h1 class=\"title entry-title\">Cwojdzi\u0144ski Jan Marian (1897-1994)<\/h1>\n<p style=\"text-align: justify;\">Urodzi\u0142 si\u0119 11 XII 1897 r. w Binkowie w powiecie \u015bremskim. By\u0142 synem Ignacego i Korduli z d. Therling. Nale\u017ca\u0142 do konspiracyjnej kom\u00f3rki Polskiej Organizacji Wojskowej w \u015aremie, kt\u00f3ra powsta\u0142a w po\u0142owie listopada 1918 r. z inicjatywy harcerza Aleksandra Sobolewskiego. Zorganizowa\u0142 on w swoim mieszkaniu w \u015aremie przy obecnej ul. Mickiewicza 22 biuro werbunkowe, w kt\u00f3rym zapisywa\u0142 powracaj\u0105cych z front\u00f3w wojny \u015bwiatowej dawnych harcerzy. Wbrew stanowisku rad ludowych, prowadzili oni przygotowania do walki zbrojnej. Pluton POW utworzony na bazie dru\u017cyny skautowej im. T. Rejtana liczy\u0142 35 os\u00f3b. W jego sk\u0142ad wchodzili te\u017c starsi harcerze z dru\u017cyny im. Przemys\u0142awa.<\/p>\n<p style=\"text-align: justify;\">Bra\u0142 udzia\u0142 w Powstaniu Wielkopolskim z broni\u0105 w r\u0119ku w okresie od 6 I 1919 r. do ko\u0144ca lutego 1919 r. w kompanii \u015bremskiej. W tym czasie uczestniczy\u0142 w walkach z nadje\u017cd\u017caj\u0105cym z Leszna pod K\u0105kolewo poci\u0105giem pancernym i bra\u0142 udzia\u0142 w okolicy K\u0105kolewa w licznych patrolach wywiadowczych oraz potyczkach z Grenzschutzem. Po zako\u0144czeniu Powstania zosta\u0142 odkomenderowany do szko\u0142y podoficerskiej w Poznaniu.<\/p>\n<p style=\"text-align: justify;\">Zosta\u0142 zdemobilizowany w kwietniu 1919 r. nie uko\u0144czywszy szko\u0142y podoficerskiej. W okresie mi\u0119dzywojennym pe\u0142ni\u0142 obowi\u0105zki Naczelnika Urz\u0119du Pocztowego w Mi\u0119dzychodzie. Wraz z rodzin\u0105 mieszka\u0142 przy ul. Pocztowej 2. By\u0142 animatorem \u017cycia kulturalnego w mie\u015bcie. W listopadzie 1939 r. zosta\u0142 aresztowany w charakterze zak\u0142adnika, a p\u00f3\u017aniej wysiedlony z rodzin\u0105 12 XII 1939 r. do GG. Pocz\u0105tkowo rodzina mieszka\u0142a w Czerwonej Niwie. W lipcu 1940 r. przenios\u0142a si\u0119 do Radomia. Po zako\u0144czeniu II wojny powr\u00f3ci\u0142 do Mi\u0119dzychodu i podj\u0105\u0142 swe obowi\u0105zki zawodowe. By\u0142 cz\u0142onkiem zwyczajnym \u015brodowiska Powsta\u0144c\u00f3w Wielkopolskich Ko\u0142a Terenowego ZBoWiD w Mi\u0119dzychodzie. (Nr ewid. 210378). W 1972 roku zosta\u0142 mianowany podporucznikiem. Do\u017cy\u0142 s\u0119dziwego wieku 97 lat. Zmar\u0142 1 kwietnia 1994 r. w Mi\u0119dzychodzie i tutaj zosta\u0142 pochowany.<\/p>\n<p style=\"text-align: justify;\">\u017bonaty z Joann\u0105 (ur. 1893). Dzieci: Janina (1923), Dobrogost (1927).Odznaczenia: Krzy\u017c Kawalerski Orderu Odrodzenia Polski (1969 r.) Wielkopolski Krzy\u017c Powsta\u0144czy (URP, nr: 11.04-0.899 z dnia 4 XI 1958)<\/p>\n<p style=\"text-align: justify;\">\u0179r\u00f3d\u0142a: AP RP, Nominacje na stopie\u0144 oficerski. Uchwa\u0142a W 4\/72; Lista Odznaczonych WKP- WTG Gniazdo; Wawrzyniak J., \u015arem w Powstaniu Wielkopolskim 1918-1919, Biblioteka Publiczna Miasta i Gminy im. Heliodora \u015awi\u0119cickiego, \u015arem 2011, s.20;<\/p>\n<p>Roman Chalasz<\/p>\n<p>\u0179r\u00f3d\u0142o: <a href=\"http:\/\/sierakowhistorianieznana.pl\/2021\/05\/24\/powstancy-wielkopolscy\/cwojdzinski-jan-marian-1897-1994\/romanchalasz\/\">http:\/\/www.wbc.poznan.pl\/Content\/339198\/PDF\/401162.pdf<\/a><\/p>\n<p><img decoding=\"async\" class=\"alignnone size-medium wp-image-464\" src=\"https:\/\/tppw-witnica.lopatka.info\/wp-content\/uploads\/2021\/05\/Jan-Marian-Cwojdzi\u0144ski-nagrobek-300x220.jpg\" alt=\"\" width=\"300\" height=\"220\" \/><\/p>\n<p>&nbsp;<\/p>\n<p>&nbsp;<\/p>\n","protected":false},"excerpt":{"rendered":"<p>Cwojdzi\u0144ski Jan Marian (1897-1994) Urodzi\u0142 si\u0119 11 XII 1897 r. w Binkowie w powiecie \u015bremskim. By\u0142 synem Ignacego i Korduli<\/p>\n","protected":false},"author":3,"featured_media":0,"parent":212,"menu_order":0,"comment_status":"closed","ping_status":"closed","template":"","meta":{"footnotes":""},"class_list":["post-459","page","type-page","status-publish","hentry","comments-off"],"_links":{"self":[{"href":"https:\/\/tppw-witnica.pl\/index.php\/wp-json\/wp\/v2\/pages\/459","targetHints":{"allow":["GET"]}}],"collection":[{"href":"https:\/\/tppw-witnica.pl\/index.php\/wp-json\/wp\/v2\/pages"}],"about":[{"href":"https:\/\/tppw-witnica.pl\/index.php\/wp-json\/wp\/v2\/types\/page"}],"author":[{"embeddable":true,"href":"https:\/\/tppw-witnica.pl\/index.php\/wp-json\/wp\/v2\/users\/3"}],"replies":[{"embeddable":true,"href":"https:\/\/tppw-witnica.pl\/index.php\/wp-json\/wp\/v2\/comments?post=459"}],"version-history":[{"count":4,"href":"https:\/\/tppw-witnica.pl\/index.php\/wp-json\/wp\/v2\/pages\/459\/revisions"}],"predecessor-version":[{"id":466,"href":"https:\/\/tppw-witnica.pl\/index.php\/wp-json\/wp\/v2\/pages\/459\/revisions\/466"}],"up":[{"embeddable":true,"href":"https:\/\/tppw-witnica.pl\/index.php\/wp-json\/wp\/v2\/pages\/212"}],"wp:attachment":[{"href":"https:\/\/tppw-witnica.pl\/index.php\/wp-json\/wp\/v2\/media?parent=459"}],"curies":[{"name":"wp","href":"https:\/\/api.w.org\/{rel}","templated":true}]}}