{"id":403,"date":"2021-03-23T14:29:29","date_gmt":"2021-03-23T14:29:29","guid":{"rendered":"https:\/\/tppw-witnica.lopatka.info\/?page_id=403"},"modified":"2021-07-29T17:04:34","modified_gmt":"2021-07-29T17:04:34","slug":"podziekowania-darczyncom","status":"publish","type":"page","link":"https:\/\/tppw-witnica.pl\/index.php\/podziekowania-darczyncom\/","title":{"rendered":"Podzi\u0119kowania darczy\u0144com"},"content":{"rendered":"<p>Od ubieg\u0142ego roku prowadzimy zbi\u00f3rk\u0119 pieni\u0119dzy na sztandar. Serdecznie dzi\u0119kujemy za hojno\u015b\u0107 i wsparcie naszego przedsi\u0119wzi\u0119cia nast\u0119puj\u0105cym osobom:<\/p>\n<p>Panu Marianowi Pi\u0105tkowskiemu &#8211; Prezes Stowarzyszenia TPPW 1918-1919 Ko\u0142o w Witnicy<\/p>\n<p>Pani Praksedzie Porowskiej &#8211; Cz\u0142onek Stowarzyszenia TPPW 1918-1919 Ko\u0142o w Witnicy<\/p>\n<p>Pa\u0144stwu Ma\u0142gorzacie i Paw\u0142owi \u0141opatka &#8211;\u00a0Cz\u0142onkowie Stowarzyszenia TPPW 1918-1919 Ko\u0142o w Witnicy<\/p>\n<p><strong>Pani El\u017cbiecie P\u0142once &#8211; sponsor &#8211; Pose\u0142 na Sejm RP<\/strong><\/p>\n<p><strong>Pa\u0144stwu Ilonie i\u00a0 Dariuszowi Jaworskim\u00a0 &#8211; Burmistrz Miasta i Gminy Witnica wraz z ma\u0142\u017conk\u0105<\/strong><\/p>\n<p>Pani Irenie Koszel &#8211;\u00a0Cz\u0142onek Stowarzyszenia TPPW 1918-1919 Ko\u0142o w Witnicy<\/p>\n<p>Pa\u0144stwu Adamowi i\u00a0 Alicji Porowskim &#8211;\u00a0Cz\u0142onkowie Stowarzyszenia TPPW 1918-1919 Ko\u0142o w Witnicy<\/p>\n<p><strong>Panu Krzysztofowi Kielec &#8211; Prezesowi KSSS-E<\/strong><\/p>\n<p>Panu Andrzejowi Pi\u0105tkowskiemu &#8211; Cz\u0142onek Stowarzyszenia TPPW 1918-1919 Ko\u0142o w Witnicy<\/p>\n<p>Pa\u0144stwu Marii i\u00a0 Markowi \u0141opatka &#8211;\u00a0Sekretarz Stowarzyszenia TPPW 1918-1919 Ko\u0142o w Witnicy wraz z ma\u0142\u017conk\u0105<\/p>\n<p>Pani Barbarze Popyk-Lis &#8211;\u00a0Cz\u0142onek Stowarzyszenia TPPW 1918-1919 Ko\u0142o w Witnicy<\/p>\n<p>Panu Janowi Pi\u0105tkowskiemu &#8211;\u00a0Cz\u0142onek Stowarzyszenia TPPW 1918-1919 Ko\u0142o w Witnicy<\/p>\n<p>Panu \u0141ukaszowi Pi\u0105tkowskiemu &#8211;\u00a0Sponsor<\/p>\n<p>Panu Markowi Ma\u015blance &#8211;\u00a0Cz\u0142onek Stowarzyszenia TPPW 1918-1919 Ko\u0142o w Witnicy<\/p>\n<p>Panu Micha\u0142owi Waszkowiak &#8211;\u00a0Cz\u0142onek Stowarzyszenia TPPW 1918-1919 Ko\u0142o w Witnicy<\/p>\n<p>Pani El\u017cbiecie Florentynie Wilewskiej-Dullak &#8211;\u00a0Cz\u0142onek Stowarzyszenia TPPW 1918-1919 Ko\u0142o w Witnicy<\/p>\n<fieldset>Panu Antoniemu Wilewskiemu &#8211; Sponsor<\/fieldset>\n<p><img decoding=\"async\" class=\"alignnone size-medium wp-image-416\" src=\"https:\/\/tppw-witnica.lopatka.info\/wp-content\/uploads\/2021\/04\/SZTANDAR-2-250x300.jpg\" alt=\"\" width=\"250\" height=\"300\" \/><\/p>\n","protected":false},"excerpt":{"rendered":"<p>Od ubieg\u0142ego roku prowadzimy zbi\u00f3rk\u0119 pieni\u0119dzy na sztandar. Serdecznie dzi\u0119kujemy za hojno\u015b\u0107 i wsparcie naszego przedsi\u0119wzi\u0119cia nast\u0119puj\u0105cym osobom: Panu Marianowi<\/p>\n","protected":false},"author":3,"featured_media":415,"parent":0,"menu_order":0,"comment_status":"closed","ping_status":"closed","template":"","meta":{"footnotes":""},"class_list":["post-403","page","type-page","status-publish","has-post-thumbnail","hentry","comments-off"],"_links":{"self":[{"href":"https:\/\/tppw-witnica.pl\/index.php\/wp-json\/wp\/v2\/pages\/403","targetHints":{"allow":["GET"]}}],"collection":[{"href":"https:\/\/tppw-witnica.pl\/index.php\/wp-json\/wp\/v2\/pages"}],"about":[{"href":"https:\/\/tppw-witnica.pl\/index.php\/wp-json\/wp\/v2\/types\/page"}],"author":[{"embeddable":true,"href":"https:\/\/tppw-witnica.pl\/index.php\/wp-json\/wp\/v2\/users\/3"}],"replies":[{"embeddable":true,"href":"https:\/\/tppw-witnica.pl\/index.php\/wp-json\/wp\/v2\/comments?post=403"}],"version-history":[{"count":17,"href":"https:\/\/tppw-witnica.pl\/index.php\/wp-json\/wp\/v2\/pages\/403\/revisions"}],"predecessor-version":[{"id":523,"href":"https:\/\/tppw-witnica.pl\/index.php\/wp-json\/wp\/v2\/pages\/403\/revisions\/523"}],"wp:featuredmedia":[{"embeddable":true,"href":"https:\/\/tppw-witnica.pl\/index.php\/wp-json\/wp\/v2\/media\/415"}],"wp:attachment":[{"href":"https:\/\/tppw-witnica.pl\/index.php\/wp-json\/wp\/v2\/media?parent=403"}],"curies":[{"name":"wp","href":"https:\/\/api.w.org\/{rel}","templated":true}]}}