{"id":36,"date":"2020-07-07T13:30:24","date_gmt":"2020-07-07T13:30:24","guid":{"rendered":"https:\/\/tppw-witnica.lopatka.info\/?page_id=36"},"modified":"2021-05-18T10:22:48","modified_gmt":"2021-05-18T10:22:48","slug":"potomkowie-powstancow-wielkopolskich-w-lubuskim","status":"publish","type":"page","link":"https:\/\/tppw-witnica.pl\/index.php\/potomkowie-powstancow-wielkopolskich-w-lubuskim\/","title":{"rendered":"O nas"},"content":{"rendered":"\r\n\r\nZa\u0142o\u017cycielami Ko\u0142a Towarzystwa Pami\u0119ci Powstania Wielkopolskiego 1918-1919 w Witnicy s\u0105 potomkowie Powsta\u0144c\u00f3w Wielkopolskich. Wychowani w duchu patriotyzmu, poszanowania kultury i historii swojej ojczyzny za cel obrali sobie krzewienie wiedzy i kultywowanie pami\u0119ci o zwyci\u0119skim Powstaniu Wielkopolskim, w wyniku kt\u00f3rego wyzwolone zosta\u0142y ziemie stanowi\u0105ce kolebk\u0119 Pa\u0144stwa Polskiego, popularyzowanie w\u015br\u00f3d spo\u0142ecze\u0144stwa, a zw\u0142aszcza w\u015br\u00f3d m\u0142odego pokolenia warto\u015bci, kt\u00f3re przy\u015bwieca\u0142y bohaterskim czynom i \u017cyciu Powsta\u0144c\u00f3w. Obecnie Stowarzyszenie w Witnicy liczy 18 cz\u0142onk\u00f3w i s\u0105 to g\u0142\u00f3wnie dzieci, wnuki i prawnuki \u015bp. Stanis\u0142awa Porowskiego oraz \u015bp. Romana Zmywaczyka.\r\n\r\n","protected":false},"excerpt":{"rendered":"<p>Za\u0142o\u017cycielami Ko\u0142a Towarzystwa Pami\u0119ci Powstania Wielkopolskiego 1918-1919 w Witnicy s\u0105 potomkowie Powsta\u0144c\u00f3w Wielkopolskich. Wychowani w duchu patriotyzmu, poszanowania kultury i<\/p>\n","protected":false},"author":3,"featured_media":0,"parent":0,"menu_order":0,"comment_status":"closed","ping_status":"closed","template":"","meta":{"footnotes":""},"class_list":["post-36","page","type-page","status-publish","hentry","comments-off"],"_links":{"self":[{"href":"https:\/\/tppw-witnica.pl\/index.php\/wp-json\/wp\/v2\/pages\/36","targetHints":{"allow":["GET"]}}],"collection":[{"href":"https:\/\/tppw-witnica.pl\/index.php\/wp-json\/wp\/v2\/pages"}],"about":[{"href":"https:\/\/tppw-witnica.pl\/index.php\/wp-json\/wp\/v2\/types\/page"}],"author":[{"embeddable":true,"href":"https:\/\/tppw-witnica.pl\/index.php\/wp-json\/wp\/v2\/users\/3"}],"replies":[{"embeddable":true,"href":"https:\/\/tppw-witnica.pl\/index.php\/wp-json\/wp\/v2\/comments?post=36"}],"version-history":[{"count":5,"href":"https:\/\/tppw-witnica.pl\/index.php\/wp-json\/wp\/v2\/pages\/36\/revisions"}],"predecessor-version":[{"id":425,"href":"https:\/\/tppw-witnica.pl\/index.php\/wp-json\/wp\/v2\/pages\/36\/revisions\/425"}],"wp:attachment":[{"href":"https:\/\/tppw-witnica.pl\/index.php\/wp-json\/wp\/v2\/media?parent=36"}],"curies":[{"name":"wp","href":"https:\/\/api.w.org\/{rel}","templated":true}]}}