{"id":290,"date":"2020-08-06T09:21:48","date_gmt":"2020-08-06T09:21:48","guid":{"rendered":"https:\/\/tppw-witnica.lopatka.info\/?page_id=290"},"modified":"2021-05-18T11:11:12","modified_gmt":"2021-05-18T11:11:12","slug":"sztandar-tppw-w-witnicy","status":"publish","type":"page","link":"https:\/\/tppw-witnica.pl\/index.php\/sztandar-tppw-w-witnicy\/","title":{"rendered":"Sztandar"},"content":{"rendered":"\r\n\r\n28 czerwca 2020 roku podj\u0119ta zosta\u0142a uchwa\u0142a w sprawie fundacji Sztandaru dla naszego Ko\u0142a.\r\n\r\n\r\n\r\n\r\n\r\nWszystkie osoby chc\u0105ce wesprze\u0107 inicjatyw\u0119 ufundowania sztandaru prosimy o dobrowolne wp\u0142aty na poni\u017cszy rachunek bankowy.\r\n\r\n\r\n\r\n\r\n\r\nGBS Bank w Barlinku oddzia\u0142 w Witnicy 82 8355 0009 0075 8392 2000 0001\r\n\r\n\r\n\r\n\r\n\r\nKa\u017cdy Darczy\u0144ca zostanie wpisany do ksi\u0119gi fundacji sztandaru, otrzyma imienne podzi\u0119kowanie, a dla szczeg\u00f3lnie hojnych przewidujemy czynny udzia\u0142 w ceremonii wbicia gwo\u017adzi w drzewiec.\r\n\r\n","protected":false},"excerpt":{"rendered":"<p>28 czerwca 2020 roku podj\u0119ta zosta\u0142a uchwa\u0142a w sprawie fundacji Sztandaru dla naszego Ko\u0142a. Wszystkie osoby chc\u0105ce wesprze\u0107 inicjatyw\u0119 ufundowania<\/p>\n","protected":false},"author":3,"featured_media":0,"parent":0,"menu_order":0,"comment_status":"closed","ping_status":"closed","template":"","meta":{"footnotes":""},"class_list":["post-290","page","type-page","status-publish","hentry","comments-off"],"_links":{"self":[{"href":"https:\/\/tppw-witnica.pl\/index.php\/wp-json\/wp\/v2\/pages\/290","targetHints":{"allow":["GET"]}}],"collection":[{"href":"https:\/\/tppw-witnica.pl\/index.php\/wp-json\/wp\/v2\/pages"}],"about":[{"href":"https:\/\/tppw-witnica.pl\/index.php\/wp-json\/wp\/v2\/types\/page"}],"author":[{"embeddable":true,"href":"https:\/\/tppw-witnica.pl\/index.php\/wp-json\/wp\/v2\/users\/3"}],"replies":[{"embeddable":true,"href":"https:\/\/tppw-witnica.pl\/index.php\/wp-json\/wp\/v2\/comments?post=290"}],"version-history":[{"count":4,"href":"https:\/\/tppw-witnica.pl\/index.php\/wp-json\/wp\/v2\/pages\/290\/revisions"}],"predecessor-version":[{"id":428,"href":"https:\/\/tppw-witnica.pl\/index.php\/wp-json\/wp\/v2\/pages\/290\/revisions\/428"}],"wp:attachment":[{"href":"https:\/\/tppw-witnica.pl\/index.php\/wp-json\/wp\/v2\/media?parent=290"}],"curies":[{"name":"wp","href":"https:\/\/api.w.org\/{rel}","templated":true}]}}