{"id":221,"date":"2020-07-13T16:06:19","date_gmt":"2020-07-13T16:06:19","guid":{"rendered":"https:\/\/tppw-witnica.lopatka.info\/?page_id=221"},"modified":"2021-03-23T13:49:17","modified_gmt":"2021-03-23T13:49:17","slug":"sp-stanislaw-porowski","status":"publish","type":"page","link":"https:\/\/tppw-witnica.pl\/index.php\/sp-stanislaw-porowski\/","title":{"rendered":"\u015bp. Stanis\u0142aw Porowski"},"content":{"rendered":"\r\n\r\n12 stycznia 2017 r. z \u017bninie uhonorowaniem grobu powsta\u0144ca <strong>Stanis\u0142awa Porowskiego <\/strong>rozpocz\u0119\u0142y si\u0119 obchody 98. rocznicy wybuchu Powstania Wielkopolskiego.\r\n\r\n\r\n\r\n\r\n\r\nW uroczysto\u015bciach w \u017bninie wzi\u0119\u0142a udzia\u0142 delegacja Gminy Witnica z Burmistrzem Dariuszem Jaworskim, so\u0142tys Starych Dzieduszyc Krystyn\u0105 Pi\u0105tkowsk\u0105, prezesem witnickiego ko\u0142a Ligi Obrony Kraju Marianem Pi\u0105tkowskim, szefem Ko\u0142a \u017bo\u0142nierzy Rezerwy w Witnicy Mariuszem Lotyczewskim oraz mieszkankami naszej Gminy Praksed\u0105 Porowsk\u0105 oraz wnukami i prawnukami Stanis\u0142awa Porowskiego. 98 lat temu, 1 stycznia 1919 r. na wie\u015b\u0107 o wybuchu powstania Wielkopolskiego mieszka\u0144cy \u017bnina chwycili za bro\u0144, by przywr\u00f3ci\u0107 Wielkopolsk\u0119 do Macierzy, gdy\u017c rozstrzygni\u0119cia I wojny \u015bwiatowej pozostawia\u0142y te tereny we w\u0142adaniu niemieckim. 12 stycznia miasto zosta\u0142o oswobodzone z r\u0105k niemieckich i wr\u00f3ci\u0142o do granic Polski. Mieszka\u0144cy \u017bnina piel\u0119gnuj\u0105 patriotyczne tradycje \u2013 powsta\u0144c\u00f3w upami\u0119tniaj\u0105 nazwy ulic, tablice pami\u0105tkowe, pomniki, obeliski i imi\u0119 miejscowej szko\u0142y. W\u015br\u00f3d bohater\u00f3w powstania by\u0142 r\u00f3wnie\u017c przodek jednej z witnickich rodzin, <strong>Stanis\u0142aw Porowski<\/strong>. Uhonorowanie jego grobu by\u0142o jednym z g\u0142\u00f3wnych element\u00f3w uroczysto\u015bci.\r\nDlatego te\u017c delegacja z Witnicy, z jego c\u00f3rk\u0105 Praksed\u0105 Porowsk\u0105 oraz wnukami i prawnukami Stanis\u0142awa Porowskiego, z\u0142o\u017cy\u0142a kwiaty na jego grobie, a tak\u017ce pod pomnikiem upami\u0119tniaj\u0105cym powsta\u0144c\u00f3w. &#8211; Przesz\u0142o\u015b\u0107, cho\u0107 daleka, jest wiernym partnerem naszej tera\u017aniejszo\u015bci, utwierdza wa\u017cno\u015b\u0107 dziej\u00f3w naszego narodu. Chwa\u0142a wam za to, \u017ce pami\u0119tacie i b\u0119dziecie pami\u0119ta\u0107 tych, kt\u00f3rzy oddali \u017cycie za nasz kraj \u2013 m\u00f3wi\u0142 Burmistrz Dariusz Jaworski podczas uroczysto\u015bci. Nasza delegacja zosta\u0142a przyj\u0119ta przez \u017cninian bardzo \u017cyczliwie. Wart\u0119 honorow\u0105 podczas uroczysto\u015bci pe\u0142nili \u017co\u0142nierze 2 batalionu logistycznego Ziemi \u017bni\u0144skiej, a honorow\u0105 salw\u0119 armatni\u0105 oddali cz\u0142onkowie Piechci\u0144skiego Bractwa Kurkowego. Wyjazd by\u0142 te\u017c okazj\u0105 do nawi\u0105zania kontakt\u00f3w samorz\u0105dowych w\u0142adz gminy z w\u0142adzami \u017bnina oraz powiatu \u017cni\u0144skiego.\r\n\r\n\r\n\r\n\r\n<div class=\"wp-block-image\" style=\"text-align: center;\">\r\n<figure class=\"aligncenter size-large\"><img decoding=\"async\" width=\"630\" height=\"420\" class=\"wp-image-228\" src=\"https:\/\/tppw-witnica.lopatka.info\/wp-content\/uploads\/2020\/07\/porowski1.jpg\" alt=\"\" \/><figcaption>Fot. UMiG w \u017bninie<\/figcaption><\/figure>\r\n<\/div>\r\n\r\n\r\n\r\n<div class=\"wp-block-image\" style=\"text-align: center;\">\r\n<figure class=\"aligncenter size-large\"><img decoding=\"async\" width=\"256\" height=\"480\" class=\"wp-image-234\" src=\"https:\/\/tppw-witnica.lopatka.info\/wp-content\/uploads\/2020\/07\/Stanis\u0142aw-Porowski-pomnik-2.jpg\" alt=\"\" \/><figcaption>Mogi\u0142a Stanis\u0142\u0105wa Porowskiego\r\nFot, Marian Pi\u0105tkowski<\/figcaption><\/figure>\r\n<\/div>\r\n\r\n\r\n\r\n<div class=\"wp-block-image\" style=\"text-align: center;\">\r\n<figure class=\"aligncenter size-large\"><img decoding=\"async\" width=\"780\" height=\"517\" class=\"wp-image-222\" src=\"https:\/\/tppw-witnica.lopatka.info\/wp-content\/uploads\/2020\/07\/prakseda.jpg\" alt=\"\" srcset=\"https:\/\/tppw-witnica.pl\/wp-content\/uploads\/2020\/07\/prakseda.jpg 780w, https:\/\/tppw-witnica.pl\/wp-content\/uploads\/2020\/07\/prakseda-768x509.jpg 768w\" sizes=\"(max-width: 780px) 100vw, 780px\" \/><figcaption>Prakseda Porowska, c\u00f3rka Powsta\u0144ca Stanis\u0142awa Porowskiego\r\nFot. Gazeta Pomorska<\/figcaption><\/figure>\r\n<\/div>\r\n\r\n\r\n\r\n<div class=\"wp-block-image\" style=\"text-align: center;\">\r\n<figure class=\"aligncenter size-large\"><img decoding=\"async\" width=\"780\" height=\"517\" class=\"wp-image-223\" src=\"https:\/\/tppw-witnica.lopatka.info\/wp-content\/uploads\/2020\/07\/prakseda1.jpg\" alt=\"\" srcset=\"https:\/\/tppw-witnica.pl\/wp-content\/uploads\/2020\/07\/prakseda1.jpg 780w, https:\/\/tppw-witnica.pl\/wp-content\/uploads\/2020\/07\/prakseda1-768x509.jpg 768w\" sizes=\"(max-width: 780px) 100vw, 780px\" \/><figcaption>Fot. Gazeta Pomorska<\/figcaption><\/figure>\r\n<\/div>\r\n\r\n\r\n\r\n<div class=\"wp-block-image\" style=\"text-align: center;\">\r\n<figure class=\"aligncenter size-large\"><img decoding=\"async\" width=\"780\" height=\"517\" class=\"wp-image-224\" src=\"https:\/\/tppw-witnica.lopatka.info\/wp-content\/uploads\/2020\/07\/prakseda2.jpg\" alt=\"\" srcset=\"https:\/\/tppw-witnica.pl\/wp-content\/uploads\/2020\/07\/prakseda2.jpg 780w, https:\/\/tppw-witnica.pl\/wp-content\/uploads\/2020\/07\/prakseda2-768x509.jpg 768w\" sizes=\"(max-width: 780px) 100vw, 780px\" \/><figcaption>Fot. Gazeta Pomorska<\/figcaption><\/figure>\r\n<\/div>\r\n\r\n\r\n\r\n<div class=\"wp-block-image\" style=\"text-align: center;\">\r\n<figure class=\"aligncenter size-large\"><img decoding=\"async\" width=\"780\" height=\"565\" class=\"wp-image-225\" src=\"https:\/\/tppw-witnica.lopatka.info\/wp-content\/uploads\/2020\/07\/znin.jpg\" alt=\"\" srcset=\"https:\/\/tppw-witnica.pl\/wp-content\/uploads\/2020\/07\/znin.jpg 780w, https:\/\/tppw-witnica.pl\/wp-content\/uploads\/2020\/07\/znin-768x556.jpg 768w\" sizes=\"(max-width: 780px) 100vw, 780px\" \/><figcaption>Fot. Gazeta Pomorska<\/figcaption><\/figure>\r\n<\/div>\r\n\r\n\r\n\r\n<div class=\"wp-block-image\" style=\"text-align: center;\">\r\n<figure class=\"aligncenter size-large\"><img decoding=\"async\" width=\"780\" height=\"517\" class=\"wp-image-226 aligncenter\" src=\"https:\/\/tppw-witnica.lopatka.info\/wp-content\/uploads\/2020\/07\/znin1.jpg\" alt=\"\" srcset=\"https:\/\/tppw-witnica.pl\/wp-content\/uploads\/2020\/07\/znin1.jpg 780w, https:\/\/tppw-witnica.pl\/wp-content\/uploads\/2020\/07\/znin1-768x509.jpg 768w\" sizes=\"(max-width: 780px) 100vw, 780px\" \/><figcaption>Fot. Gazeta Pomorska<\/figcaption><\/figure>\r\n<\/div>\r\n\r\n\r\n\r\n<div class=\"wp-block-image\" style=\"text-align: center;\">\r\n<figure class=\"aligncenter size-large\"><img decoding=\"async\" width=\"780\" height=\"492\" class=\"wp-image-227\" src=\"https:\/\/tppw-witnica.lopatka.info\/wp-content\/uploads\/2020\/07\/znin2.jpg\" alt=\"\" srcset=\"https:\/\/tppw-witnica.pl\/wp-content\/uploads\/2020\/07\/znin2.jpg 780w, https:\/\/tppw-witnica.pl\/wp-content\/uploads\/2020\/07\/znin2-768x484.jpg 768w\" sizes=\"(max-width: 780px) 100vw, 780px\" \/><figcaption>Fot. Gazeta PomorskaPoni\u017csza galeria zdj\u0119\u0107 pochodzi z archiwum rodzinnego Stanis\u0142awa Porowskiego udost\u0119pnionego przez Mariana Pi\u0105tkowskiego.\r\n\r\n<img decoding=\"async\" class=\"size-medium wp-image-380 aligncenter\" src=\"https:\/\/tppw-witnica.lopatka.info\/wp-content\/uploads\/2021\/03\/Stanis\u0142aw-Porowski-6-300x191.jpg\" alt=\"\" width=\"300\" height=\"191\" \/>\r\n<img decoding=\"async\" class=\"size-medium wp-image-378 aligncenter\" src=\"https:\/\/tppw-witnica.lopatka.info\/wp-content\/uploads\/2021\/03\/162902800_123484413067375_2842910142954747781_n-202x300.jpg\" alt=\"\" width=\"202\" height=\"300\" \/>\r\n\r\n<img decoding=\"async\" class=\"size-medium wp-image-376 aligncenter\" src=\"https:\/\/tppw-witnica.lopatka.info\/wp-content\/uploads\/2021\/03\/163601735_287727736200435_9178911553920023410_n-200x300.jpg\" alt=\"\" width=\"200\" height=\"300\" \/>\r\n<img decoding=\"async\" class=\"size-medium wp-image-375 aligncenter\" src=\"https:\/\/tppw-witnica.lopatka.info\/wp-content\/uploads\/2021\/03\/Stanis\u0142aw-Porowski-5-300x199.jpg\" alt=\"\" width=\"300\" height=\"199\" \/>\r\n<img decoding=\"async\" class=\"size-medium wp-image-377 aligncenter\" src=\"https:\/\/tppw-witnica.lopatka.info\/wp-content\/uploads\/2021\/03\/163561666_2101628023313553_5339544326246319981_n-201x300.jpg\" alt=\"\" width=\"201\" height=\"300\" \/>\r\n<img decoding=\"async\" class=\"size-medium wp-image-374 aligncenter\" src=\"https:\/\/tppw-witnica.lopatka.info\/wp-content\/uploads\/2021\/03\/Stanis\u0142aw-Porowski-4-300x202.jpg\" alt=\"\" width=\"300\" height=\"202\" \/>\r\n<img decoding=\"async\" class=\"size-medium wp-image-373 aligncenter\" src=\"https:\/\/tppw-witnica.lopatka.info\/wp-content\/uploads\/2021\/03\/Stanis\u0142aw-Porowski-3-300x204.jpg\" alt=\"\" width=\"300\" height=\"204\" \/>\r\n<img decoding=\"async\" class=\"size-medium wp-image-372 aligncenter\" src=\"https:\/\/tppw-witnica.lopatka.info\/wp-content\/uploads\/2021\/03\/Stanis\u0142aw-Porowski-2-300x201.jpg\" alt=\"\" width=\"300\" height=\"201\" \/>\r\n<img decoding=\"async\" class=\"size-medium wp-image-371 aligncenter\" src=\"https:\/\/tppw-witnica.lopatka.info\/wp-content\/uploads\/2021\/03\/Stanis\u0142aw-Porowski-1-300x195.jpg\" alt=\"\" width=\"300\" height=\"195\" \/>\r\n\r\n<\/figcaption><\/figure>\r\n<\/div>\r\n\r\n\r\n\r\n\r\n","protected":false},"excerpt":{"rendered":"<p>12 stycznia 2017 r. z \u017bninie uhonorowaniem grobu powsta\u0144ca Stanis\u0142awa Porowskiego rozpocz\u0119\u0142y si\u0119 obchody 98. rocznicy wybuchu Powstania Wielkopolskiego. W<\/p>\n","protected":false},"author":3,"featured_media":0,"parent":0,"menu_order":0,"comment_status":"closed","ping_status":"closed","template":"","meta":{"footnotes":""},"class_list":["post-221","page","type-page","status-publish","hentry","comments-off"],"_links":{"self":[{"href":"https:\/\/tppw-witnica.pl\/index.php\/wp-json\/wp\/v2\/pages\/221","targetHints":{"allow":["GET"]}}],"collection":[{"href":"https:\/\/tppw-witnica.pl\/index.php\/wp-json\/wp\/v2\/pages"}],"about":[{"href":"https:\/\/tppw-witnica.pl\/index.php\/wp-json\/wp\/v2\/types\/page"}],"author":[{"embeddable":true,"href":"https:\/\/tppw-witnica.pl\/index.php\/wp-json\/wp\/v2\/users\/3"}],"replies":[{"embeddable":true,"href":"https:\/\/tppw-witnica.pl\/index.php\/wp-json\/wp\/v2\/comments?post=221"}],"version-history":[{"count":8,"href":"https:\/\/tppw-witnica.pl\/index.php\/wp-json\/wp\/v2\/pages\/221\/revisions"}],"predecessor-version":[{"id":383,"href":"https:\/\/tppw-witnica.pl\/index.php\/wp-json\/wp\/v2\/pages\/221\/revisions\/383"}],"wp:attachment":[{"href":"https:\/\/tppw-witnica.pl\/index.php\/wp-json\/wp\/v2\/media?parent=221"}],"curies":[{"name":"wp","href":"https:\/\/api.w.org\/{rel}","templated":true}]}}