{"id":212,"date":"2020-07-13T13:20:34","date_gmt":"2020-07-13T13:20:34","guid":{"rendered":"https:\/\/tppw-witnica.lopatka.info\/?page_id=212"},"modified":"2021-05-24T11:46:28","modified_gmt":"2021-05-24T11:46:28","slug":"mogily-powstancow-w-lubuskim","status":"publish","type":"page","link":"https:\/\/tppw-witnica.pl\/index.php\/mogily-powstancow-w-lubuskim\/","title":{"rendered":"Nasi przodkowie w\u015br\u00f3d Powsta\u0144c\u00f3w"},"content":{"rendered":"\r\n\r\n<strong>Znakowanie mogi\u0142 Powsta\u0144c\u00f3w Wielkopolskich<\/strong>\r\n\r\nPomys\u0142 znakowania mogi\u0142 Powsta\u0144c\u00f3w Wielkopolskich wyszed\u0142 od kibic\u00f3w Lecha Pozna\u0144 i zosta\u0142 sfinansowany przez Stowarzyszenie Kibic\u00f3w Lecha Pozna\u0144. Obecnie pula pieni\u0119dzy na ten cel zosta\u0142a wyczerpana. Jednak\u017ce Stowarzyszenia Pami\u0119ci Powsta\u0144c\u00f3w Wielkopolskich 1918-1919 wraz z w\u0142adzami samorz\u0105dowymi podejmuj\u0105 inicjatywy zbierania \u015brodk\u00f3w na ten szczytny cel. Je\u015bli masz wiedz\u0119, gdzie spoczywaj\u0105 szcz\u0105tki Powsta\u0144ca Wielkopolskiego zg\u0142o\u015b si\u0119 do nas.\r\n\r\n","protected":false},"excerpt":{"rendered":"<p>Znakowanie mogi\u0142 Powsta\u0144c\u00f3w Wielkopolskich Pomys\u0142 znakowania mogi\u0142 Powsta\u0144c\u00f3w Wielkopolskich wyszed\u0142 od kibic\u00f3w Lecha Pozna\u0144 i zosta\u0142 sfinansowany przez Stowarzyszenie Kibic\u00f3w<\/p>\n","protected":false},"author":3,"featured_media":209,"parent":0,"menu_order":0,"comment_status":"closed","ping_status":"closed","template":"","meta":{"footnotes":""},"class_list":["post-212","page","type-page","status-publish","has-post-thumbnail","hentry","comments-off"],"_links":{"self":[{"href":"https:\/\/tppw-witnica.pl\/index.php\/wp-json\/wp\/v2\/pages\/212","targetHints":{"allow":["GET"]}}],"collection":[{"href":"https:\/\/tppw-witnica.pl\/index.php\/wp-json\/wp\/v2\/pages"}],"about":[{"href":"https:\/\/tppw-witnica.pl\/index.php\/wp-json\/wp\/v2\/types\/page"}],"author":[{"embeddable":true,"href":"https:\/\/tppw-witnica.pl\/index.php\/wp-json\/wp\/v2\/users\/3"}],"replies":[{"embeddable":true,"href":"https:\/\/tppw-witnica.pl\/index.php\/wp-json\/wp\/v2\/comments?post=212"}],"version-history":[{"count":9,"href":"https:\/\/tppw-witnica.pl\/index.php\/wp-json\/wp\/v2\/pages\/212\/revisions"}],"predecessor-version":[{"id":458,"href":"https:\/\/tppw-witnica.pl\/index.php\/wp-json\/wp\/v2\/pages\/212\/revisions\/458"}],"wp:featuredmedia":[{"embeddable":true,"href":"https:\/\/tppw-witnica.pl\/index.php\/wp-json\/wp\/v2\/media\/209"}],"wp:attachment":[{"href":"https:\/\/tppw-witnica.pl\/index.php\/wp-json\/wp\/v2\/media?parent=212"}],"curies":[{"name":"wp","href":"https:\/\/api.w.org\/{rel}","templated":true}]}}