{"id":207,"date":"2020-07-13T13:19:05","date_gmt":"2020-07-13T13:19:05","guid":{"rendered":"https:\/\/tppw-witnica.lopatka.info\/?page_id=207"},"modified":"2021-03-24T07:18:47","modified_gmt":"2021-03-24T07:18:47","slug":"sp-roman-zmywaczyk","status":"publish","type":"page","link":"https:\/\/tppw-witnica.pl\/index.php\/sp-roman-zmywaczyk\/","title":{"rendered":"\u015bp. Roman Zmywaczyk"},"content":{"rendered":"\r\n\r\nNa wniosek Marka \u0141opatki zosta\u0142 oznaczony tak\u017ce gr\u00f3b <strong>\u015bp. Romana Zmywaczyka w Witnicy Powsta\u0144ca Wielkopolskiego.<\/strong>\r\n\r\n\r\n\r\n\r\n\r\n100 lat temu wybuch\u0142o Powstanie Wielkopolskie. By\u0142o ono zrywem s\u0105siedzkich wsp\u00f3lnot, ruchem zwyk\u0142ych ludzi przejmuj\u0105cych w\u0142adz\u0119 we w\u0142asne r\u0119ce. W\u015br\u00f3d powsta\u0144c\u00f3w, o powr\u00f3t Wielkopolski do Macierzy walczy\u0142 r\u00f3wnie\u017c Roman Zmywaczyk. Urodzi\u0142 si\u0119 8 listopada 1897 w Wielkim Lutomiu, w powiecie mi\u0119dzychodzkim, w zaborze pruskim. Syn\u00a0Jana i Heleny z dom. Szulczyk, para pobra\u0142a si\u0119 Urz\u0105d Stanu Cywilnego Sierak\u00f3w, wpis 4 \/ 1893\r\n<div class=\"o9v6fnle cxmmr5t8 oygrvhab hcukyx3x c1et5uql ii04i59q\">\r\n<div dir=\"auto\" style=\"text-align: center;\">Johann Zmywaczyk (ur. 1867) ojciec: Valentin Zmywaczyk , matka: Antonie Rutkowska<\/div>\r\n<\/div>\r\n<div class=\"o9v6fnle cxmmr5t8 oygrvhab hcukyx3x c1et5uql ii04i59q\">\r\n<div dir=\"auto\" style=\"text-align: center;\">Helene Szulczyk (ur. 1860) ojciec: Paul Szulczyk , matka: Julianne Sierocka<\/div>\r\n<\/div>\r\nDzieci Jana i Heleny: Marianna 1893-1894, Pelagia 1894, Jan 1896 Teresa, Roman 1897, Jadwiga 1900\r\n\r\nMaj\u0105c 19 lat zosta\u0142 powo\u0142any do armii pruskiej. Po zako\u0144czeniu I wojny \u015bwiatowej, w grudniu 1918 r. powr\u00f3ci\u0142 ju\u017c nie do rodzinnego domu, ale do matki, wdowy, do Nowej Wsi pod Wronkami.\r\n\r\n&nbsp;\r\n<p style=\"text-align: center;\"><em>Fotografia z archiwum rodzinnego udost\u0119pniona przez Marka \u0141opatk\u0119<\/em><\/p>\r\n\r\n\r\n\r\n\r\nW ko\u0144cu stycznia 1919 r. wst\u0105pi\u0142 do 13 oddzia\u0142u kulomiot\u00f3w Powsta\u0144c\u00f3w Wielkopolskich i bra\u0142 czynny udzia\u0142 w Powstaniu pocz\u0105tkowo na froncie zachodnim w okolicach Zb\u0105szynia a nast\u0119pnie na froncie p\u00f3\u0142nocnym w okolicach Chodzie\u017cy. Nast\u0119pnie zosta\u0142 wcielony do 10 pu\u0142ku piechoty. W lutym 1920 r. zosta\u0142 przydzielony do czynnej s\u0142u\u017cby \u017bandarmerii Wojskowej w Poznaniu pe\u0142ni\u0105c funkcj\u0119 \u017candarma wojskowego do marca 1923 r. Wymieniony jako Powstaniec Wielkopolski:\r\n<div class=\"o9v6fnle cxmmr5t8 oygrvhab hcukyx3x c1et5uql ii04i59q\">\r\n<div dir=\"auto\">\r\n\r\n<a class=\"oajrlxb2 g5ia77u1 qu0x051f esr5mh6w e9989ue4 r7d6kgcz rq0escxv nhd2j8a9 nc684nl6 p7hjln8o kvgmc6g5 cxmmr5t8 oygrvhab hcukyx3x jb3vyjys rz4wbd8a qt6c0cv9 a8nywdso i1ao9s8h esuyzwwr f1sip0of lzcic4wl py34i1dx gpro0wi8\" tabindex=\"0\" role=\"link\" href=\"http:\/\/powstancywielkopolscy.pl\/pl\/search?fbclid=IwAR08GiPDinnEZ3xiAyDc83Dj7RucduK8TJ655IFgoOi57mxGnYi2LA2uvtc\" target=\"_blank\" rel=\"nofollow noopener\">http:\/\/powstancywielkopolscy.pl\/pl\/search<\/a>\r\n\r\n<\/div>\r\n<\/div>\r\n<div class=\"o9v6fnle cxmmr5t8 oygrvhab hcukyx3x c1et5uql ii04i59q\">\r\n<div dir=\"auto\">jednostka: 13 Oddzia\u0142 Krabin\u00f3w Maszynowych<\/div>\r\n<\/div>\r\n<div class=\"o9v6fnle cxmmr5t8 oygrvhab hcukyx3x c1et5uql ii04i59q\">\r\n<div dir=\"auto\">status\/stopie\u0144: ochotnik, kapral, podporucznik mianowany<\/div>\r\n<\/div>\r\n<div class=\"o9v6fnle cxmmr5t8 oygrvhab hcukyx3x c1et5uql ii04i59q\">\r\n<div dir=\"auto\">uwagi: I.487.8920, Uchwa\u0142a W 2\/72, Wronki, ksi\u0105\u017ckowy, Ziemia Mi\u0119dzychodzka<\/div>\r\n<\/div>\r\n<div class=\"o9v6fnle cxmmr5t8 oygrvhab hcukyx3x c1et5uql ii04i59q\">\r\n<div dir=\"auto\">odznaczenie: Wielkopolski Krzy\u017c Powsta\u0144czy<\/div>\r\n<\/div>\r\nPo zako\u0144czeniu s\u0142u\u017cby wojskowej pracowa\u0142, co chwila zwalniany przez okupanta za swoj\u0105 dzia\u0142alno\u015b\u0107 w Powstaniu Wielkopolskim, w r\u00f3\u017cnych firmach na terenie Wronek. Od sierpnia 1940 r. wsp\u00f3lnie z c\u00f3rk\u0105 Janin\u0105 zosta\u0142 wywieziony na roboty przymusowe w g\u0142\u0105b Niemiec a nast\u0119pnie do Austrii gdzie w maju 1945 r. zosta\u0142 oswobodzony przez armi\u0119 ameryka\u0144sk\u0105.\r\n\r\n\r\n\r\n\r\n\r\nPo wojnie osiedli\u0142 si\u0119 w Witnicy, gdzie pracowa\u0142 w Zak\u0142adach Przemys\u0142u Ziemniaczanego. By\u0142 te\u017c cz\u0142onkiem Miejskiej Rady Narodowej w Witnicy oraz Powiatowej Rady Narodowej w Gorzowie Wlkp. Za swoje zas\u0142ugi w walce o niepodleg\u0142o\u015b\u0107 odznaczony zosta\u0142 Wielkopolskim Krzy\u017cem Powsta\u0144czym, Krzy\u017cem Kawalerskim Orderu Odrodzenia Polski i mianowany na stopie\u0144 podporucznika. Zmar\u0142 11 pa\u017adziernika 1977 r., spoczywa na cmentarzu w Witnicy (woj. lubuskie).\r\n\r\n\r\n\r\n\r\n\r\nW uznaniu zas\u0142ug powsta\u0144czych, gr\u00f3b Romana Zmywaczyka uhonorowano 9 listopada br. pami\u0105tkow\u0105 tablic\u0105. Odznaczenie grobu odby\u0142o si\u0119 w asy\u015bcie strzelc\u00f3w z jednostki 4044 Witnica, z udzia\u0142em rodziny powsta\u0144ca. W uroczysto\u015bciach wzi\u0105\u0142 udzia\u0142 tak\u017ce Burmistrz Dariusz Jaworski.\r\n\r\n\r\n\r\n\r\n<figure class=\"wp-block-image size-large\"><img decoding=\"async\" width=\"900\" height=\"601\" class=\"wp-image-208\" src=\"https:\/\/tppw-witnica.lopatka.info\/wp-content\/uploads\/2020\/07\/order-na-grobie-1.jpg\" alt=\"\" srcset=\"https:\/\/tppw-witnica.pl\/wp-content\/uploads\/2020\/07\/order-na-grobie-1.jpg 900w, https:\/\/tppw-witnica.pl\/wp-content\/uploads\/2020\/07\/order-na-grobie-1-768x513.jpg 768w\" sizes=\"(max-width: 900px) 100vw, 900px\" \/><\/figure>\r\n\r\n\r\n\r\n<figure class=\"wp-block-image size-large\"><img decoding=\"async\" width=\"900\" height=\"543\" class=\"wp-image-210\" src=\"https:\/\/tppw-witnica.lopatka.info\/wp-content\/uploads\/2020\/07\/order-na-grobie.jpg\" alt=\"\" srcset=\"https:\/\/tppw-witnica.pl\/wp-content\/uploads\/2020\/07\/order-na-grobie.jpg 900w, https:\/\/tppw-witnica.pl\/wp-content\/uploads\/2020\/07\/order-na-grobie-768x463.jpg 768w\" sizes=\"(max-width: 900px) 100vw, 900px\" \/><\/figure>\r\n\r\n\r\n\r\n<figure class=\"wp-block-image size-large\"><img decoding=\"async\" width=\"900\" height=\"615\" class=\"wp-image-219\" src=\"https:\/\/tppw-witnica.lopatka.info\/wp-content\/uploads\/2020\/07\/zmywa6.jpg\" alt=\"\" srcset=\"https:\/\/tppw-witnica.pl\/wp-content\/uploads\/2020\/07\/zmywa6.jpg 900w, https:\/\/tppw-witnica.pl\/wp-content\/uploads\/2020\/07\/zmywa6-768x525.jpg 768w\" sizes=\"(max-width: 900px) 100vw, 900px\" \/><\/figure>\r\n\r\n\r\n\r\n\r\n","protected":false},"excerpt":{"rendered":"<p>Na wniosek Marka \u0141opatki zosta\u0142 oznaczony tak\u017ce gr\u00f3b \u015bp. Romana Zmywaczyka w Witnicy Powsta\u0144ca Wielkopolskiego. 100 lat temu wybuch\u0142o Powstanie<\/p>\n","protected":false},"author":3,"featured_media":0,"parent":0,"menu_order":0,"comment_status":"closed","ping_status":"closed","template":"","meta":{"footnotes":""},"class_list":["post-207","page","type-page","status-publish","hentry","comments-off"],"_links":{"self":[{"href":"https:\/\/tppw-witnica.pl\/index.php\/wp-json\/wp\/v2\/pages\/207","targetHints":{"allow":["GET"]}}],"collection":[{"href":"https:\/\/tppw-witnica.pl\/index.php\/wp-json\/wp\/v2\/pages"}],"about":[{"href":"https:\/\/tppw-witnica.pl\/index.php\/wp-json\/wp\/v2\/types\/page"}],"author":[{"embeddable":true,"href":"https:\/\/tppw-witnica.pl\/index.php\/wp-json\/wp\/v2\/users\/3"}],"replies":[{"embeddable":true,"href":"https:\/\/tppw-witnica.pl\/index.php\/wp-json\/wp\/v2\/comments?post=207"}],"version-history":[{"count":9,"href":"https:\/\/tppw-witnica.pl\/index.php\/wp-json\/wp\/v2\/pages\/207\/revisions"}],"predecessor-version":[{"id":412,"href":"https:\/\/tppw-witnica.pl\/index.php\/wp-json\/wp\/v2\/pages\/207\/revisions\/412"}],"wp:attachment":[{"href":"https:\/\/tppw-witnica.pl\/index.php\/wp-json\/wp\/v2\/media?parent=207"}],"curies":[{"name":"wp","href":"https:\/\/api.w.org\/{rel}","templated":true}]}}